{"id":11304,"date":"2025-07-07T14:45:13","date_gmt":"2025-07-07T12:45:13","guid":{"rendered":"https:\/\/jakab-badacsony.hu\/?post_type=product&#038;p=11304"},"modified":"2026-04-16T10:54:15","modified_gmt":"2026-04-16T08:54:15","slug":"nagy-pinot-noir-kostolo-egesz-napos-jegy","status":"publish","type":"product","link":"https:\/\/jakab-badacsony.hu\/en\/shop\/nagy-pinot-noir-kostolo-egesz-napos-jegy\/","title":{"rendered":"Nagy Pinot Noir K\u00f3stol\u00f3 \u2013 Eg\u00e9sz napos jegy"},"content":{"rendered":"<p><b>K\u00f6z\u00f6s Gy\u00f6kerek \u2013 Nagy Pinot Noir K\u00f3stol\u00f3<\/b><\/p>\n<p><span style=\"font-weight: 400;\">Hat\u00e1ron innen \u00e9s t\u00fal: s\u00e9t\u00e1l\u00f3k\u00f3stol\u00f3 \u00e9s mesterkurzus Badacsonyban \u00f6t pinc\u00e9szet r\u00e9szv\u00e9tel\u00e9vel. Egy k\u00f6tetlen nap a pinot noir szerelmeseinek, egy k\u00fcl\u00f6nleges t\u00f6rt\u00e9nettel a h\u00e1tt\u00e9rben: a poharakba ker\u00fcl\u0151 borokat, illetve k\u00e9sz\u00edt\u0151iket \u00f6sszek\u00f6ti a n\u00e9hai G\u00e1l Tibor neve.<\/span><\/p>\n<p><span style=\"font-weight: 400;\">A napot d\u00e9lut\u00e1n kett\u0151kor egy szakmai kerekasztal-besz\u00e9lget\u00e9s \u00e9s \u00fcltetett k\u00f3stol\u00f3 nyitja a bor\u00e1szok, illetve bor\u00e1szattulajdonosok \u00e9s egy szakmai moder\u00e1tor r\u00e9szv\u00e9tel\u00e9vel. Ezt k\u00f6vet\u0151en d\u00e9lut\u00e1n n\u00e9gyt\u0151l este h\u00e9tig a bor\u00e1szatok aktu\u00e1lis \u00e9vj\u00e1rataib\u00f3l egy k\u00f6tetlen hangulat\u00fa s\u00e9t\u00e1l\u00f3k\u00f3stol\u00f3 keretein bel\u00fcl ismerkedhet meg a borokkal a k\u00f6z\u00f6ns\u00e9g.<\/span><\/p>","protected":false},"excerpt":{"rendered":"<p>Szakmai kerekasztal-besz\u00e9lget\u00e9s \u00e9s s\u00e9t\u00e1l\u00f3k\u00f3stol\u00f3 n\u00e9gy bor\u00e1sz: <span style=\"font-weight: 400;\">Ifjabb G\u00e1l Tibor (G\u00e1l Tibor Pinc\u00e9szet), M\u00e9r\u00e9sz S\u00e1ndor (Etyeki K\u00faria), Liptai Zsolt (Pannonhalmi F\u0151ap\u00e1ts\u00e1g Pinc\u00e9szete), R\u00e1bai L\u00e1szl\u00f3 (Carassia) \u00e9s Jakab P\u00e9ter (tulajdonos, Jakab Badacsony)<\/span> r\u00e9szv\u00e9tel\u00e9vel.<\/p>\n<p><strong>Id\u0151pont<\/strong>: 2026. m\u00e1jus 9. 14-16 \u00f3ra, illetve 16-19 \u00f3ra<\/p>\n<p><strong>Helysz\u00edn<\/strong>: Nemesgul\u00e1cs, Jakab Badacsony<\/p>\n<p>Ez a t\u00edpus\u00fa jegy mindk\u00e9t programra \u00e9rv\u00e9nyes. Az esetleges \u00e9telfogyaszt\u00e1st nem tartalmazza.<\/p>","protected":false},"author":2,"featured_media":11533,"template":"","meta":[],"product_brand":[],"product_cat":[38],"product_tag":[],"class_list":{"0":"post-11304","1":"product","2":"type-product","3":"status-publish","4":"has-post-thumbnail","6":"product_cat-rendezvenyek","8":"first","9":"instock","10":"sale","11":"virtual","12":"taxable","13":"purchasable","14":"product-type-simple"},"_links":{"self":[{"href":"https:\/\/jakab-badacsony.hu\/en\/wp-json\/wp\/v2\/product\/11304","targetHints":{"allow":["GET"]}}],"collection":[{"href":"https:\/\/jakab-badacsony.hu\/en\/wp-json\/wp\/v2\/product"}],"about":[{"href":"https:\/\/jakab-badacsony.hu\/en\/wp-json\/wp\/v2\/types\/product"}],"author":[{"embeddable":true,"href":"https:\/\/jakab-badacsony.hu\/en\/wp-json\/wp\/v2\/users\/2"}],"wp:featuredmedia":[{"embeddable":true,"href":"https:\/\/jakab-badacsony.hu\/en\/wp-json\/wp\/v2\/media\/11533"}],"wp:attachment":[{"href":"https:\/\/jakab-badacsony.hu\/en\/wp-json\/wp\/v2\/media?parent=11304"}],"wp:term":[{"taxonomy":"product_brand","embeddable":true,"href":"https:\/\/jakab-badacsony.hu\/en\/wp-json\/wp\/v2\/product_brand?post=11304"},{"taxonomy":"product_cat","embeddable":true,"href":"https:\/\/jakab-badacsony.hu\/en\/wp-json\/wp\/v2\/product_cat?post=11304"},{"taxonomy":"product_tag","embeddable":true,"href":"https:\/\/jakab-badacsony.hu\/en\/wp-json\/wp\/v2\/product_tag?post=11304"}],"curies":[{"name":"wp","href":"https:\/\/api.w.org\/{rel}","templated":true}]}}